{"id":668,"date":"2022-07-11T15:14:13","date_gmt":"2022-07-11T14:14:13","guid":{"rendered":"https:\/\/npsyachting.com\/?page_id=668"},"modified":"2022-09-05T14:29:08","modified_gmt":"2022-09-05T12:29:08","slug":"disclaimer","status":"publish","type":"page","link":"https:\/\/npsyachting.com\/fr\/disclaimer\/","title":{"rendered":"Disclaimer"},"content":{"rendered":"<div data-elementor-type=\"wp-page\" data-elementor-id=\"668\" class=\"elementor elementor-668\" data-elementor-post-type=\"page\">\n\t\t\t\t\t\t<section class=\"elementor-section elementor-top-section elementor-element elementor-element-8c7b745 elementor-section-full_width elementor-section-height-min-height elementor-section-height-default elementor-section-items-middle\" data-id=\"8c7b745\" data-element_type=\"section\" data-e-type=\"section\" data-settings=\"{&quot;background_background&quot;:&quot;classic&quot;}\">\n\t\t\t\t\t\t<div class=\"elementor-container elementor-column-gap-default\">\n\t\t\t\t\t<div class=\"elementor-column elementor-col-100 elementor-top-column elementor-element elementor-element-c9021cc\" data-id=\"c9021cc\" data-element_type=\"column\" data-e-type=\"column\">\n\t\t\t<div class=\"elementor-widget-wrap elementor-element-populated\">\n\t\t\t\t\t\t<div class=\"elementor-element elementor-element-81fc478 elementor-widget elementor-widget-heading\" data-id=\"81fc478\" data-element_type=\"widget\" data-e-type=\"widget\" data-widget_type=\"heading.default\">\n\t\t\t\t<div class=\"elementor-widget-container\">\n\t\t\t\t\t<h1 class=\"elementor-heading-title elementor-size-default\">Disclaimer<\/h1>\t\t\t\t<\/div>\n\t\t\t\t<\/div>\n\t\t\t\t\t<\/div>\n\t\t<\/div>\n\t\t\t\t\t<\/div>\n\t\t<\/section>\n\t\t\t\t<section class=\"elementor-section elementor-top-section elementor-element elementor-element-6246aed elementor-section-boxed elementor-section-height-default elementor-section-height-default\" data-id=\"6246aed\" data-element_type=\"section\" data-e-type=\"section\">\n\t\t\t\t\t\t<div class=\"elementor-container elementor-column-gap-default\">\n\t\t\t\t\t<div class=\"elementor-column elementor-col-100 elementor-top-column elementor-element elementor-element-41d8c7c\" data-id=\"41d8c7c\" data-element_type=\"column\" data-e-type=\"column\">\n\t\t\t<div class=\"elementor-widget-wrap elementor-element-populated\">\n\t\t\t\t\t\t<div class=\"elementor-element elementor-element-055b757 elementor-widget elementor-widget-spacer\" data-id=\"055b757\" data-element_type=\"widget\" data-e-type=\"widget\" data-widget_type=\"spacer.default\">\n\t\t\t\t<div class=\"elementor-widget-container\">\n\t\t\t\t\t\t\t<div class=\"elementor-spacer\">\n\t\t\t<div class=\"elementor-spacer-inner\"><\/div>\n\t\t<\/div>\n\t\t\t\t\t\t<\/div>\n\t\t\t\t<\/div>\n\t\t\t\t<div class=\"elementor-element elementor-element-414ee58 elementor-widget elementor-widget-heading\" data-id=\"414ee58\" data-element_type=\"widget\" data-e-type=\"widget\" data-widget_type=\"heading.default\">\n\t\t\t\t<div class=\"elementor-widget-container\">\n\t\t\t\t\t<h2 class=\"elementor-heading-title elementor-size-default\">Disclaimer<\/h2>\t\t\t\t<\/div>\n\t\t\t\t<\/div>\n\t\t\t\t<div class=\"elementor-element elementor-element-57dbb3e elementor-widget-divider--view-line elementor-widget elementor-widget-divider\" data-id=\"57dbb3e\" data-element_type=\"widget\" data-e-type=\"widget\" data-widget_type=\"divider.default\">\n\t\t\t\t<div class=\"elementor-widget-container\">\n\t\t\t\t\t\t\t<div class=\"elementor-divider\">\n\t\t\t<span class=\"elementor-divider-separator\">\n\t\t\t\t\t\t<\/span>\n\t\t<\/div>\n\t\t\t\t\t\t<\/div>\n\t\t\t\t<\/div>\n\t\t\t\t<div class=\"elementor-element elementor-element-e0d1bd2 elementor-widget elementor-widget-text-editor\" data-id=\"e0d1bd2\" data-element_type=\"widget\" data-e-type=\"widget\" data-widget_type=\"text-editor.default\">\n\t\t\t\t<div class=\"elementor-widget-container\">\n\t\t\t\t\t\t\t\t\t<p><em>NPS Yachting est une marque de NPS Driven B.V.<\/em><\/p><p><strong>Informations<\/strong><br \/>Although the information on this website is composed and maintained with continuous care and attention by NPS Driven B.V., NPS Driven B.V. cannot give any warranty as to the accuracy or completeness of the information on this website, nor does NPS Driven B.V. warrant that the information is suited for a specific purpose, situation or use. The information on this website is intended to serve general information purposes only. The website can be modified or discontinued by NPS Driven B.V. at all times and at its own discretion, with or without prior notification.<\/p><p><strong>Responsabilit\u00e9<\/strong><br \/>NPS Driven B.V. ne peut donner aucune garantie quant \u00e0 l'accessibilit\u00e9 ou au fonctionnement de ce site Web. NPS Driven B.V. n'est en aucun cas responsable des dommages de quelque nature que ce soit, r\u00e9sultant de quelque mani\u00e8re que ce soit de l'utilisation de ce site Web ou r\u00e9sultant de l'indisponibilit\u00e9 de ce site Web. NPS Driven B.V. veillera dans la mesure du possible \u00e0 ce que ce site Internet ne contienne pas d'\u00e9l\u00e9ments susceptibles de nuire au fonctionnement du mat\u00e9riel informatique ou des logiciels. Cependant, NPS Driven B.V. ne peut donner aucune garantie quant \u00e0 l'inexistence de ces \u00e9l\u00e9ments sur ce site. NPS Driven B.V. n'est en aucun cas responsable des cons\u00e9quences que la consultation ou l'utilisation (de certaines parties) du contenu de ce site Web pourrait avoir sur le fonctionnement du mat\u00e9riel informatique ou des logiciels.<\/p><p><strong>Protection des donn\u00e9es<\/strong><br \/>NPS Driven B.V. respecte la vie priv\u00e9e de tous les utilisateurs de ce site Web. Ce qui suit d\u00e9crit comment NPS Driven B.V. collecte les donn\u00e9es et comment ces donn\u00e9es sont utilis\u00e9es. Lisez notre int\u00e9gralit\u00e9 politique de confidentialit\u00e9. <a href=\"https:\/\/www.zenoro.com\/privacy-terms\/\">politique de confidentialit\u00e9<\/a>.<\/p><p><strong>Donn\u00e9es personnelles<\/strong><br \/>NPS Driven B.V. ne collecte aucune information personnelle \u00e0 moins qu'elle ne soit fournie volontairement. Si vous envoyez un e-mail, NPS Driven B.V. pourrait utiliser ces donn\u00e9es \u00e0 des fins d'\u00e9tudes de march\u00e9 et de statistiques. Si vous posez une question ou une remarque, NPS Driven B.V. peut utiliser vos donn\u00e9es personnelles pour vous contacter afin de fournir une r\u00e9ponse \u00e0 votre question ou de vous envoyer plus d'informations sur les offres en cours. NPS Driven B.V. garantit \u00e0 chaque utilisateur de ce site Web que les informations personnelles fournies \u00e0 NPS Driven B.V. par e-mail et\/ou par formulaire de contact seront trait\u00e9es de mani\u00e8re confidentielle et conform\u00e9ment \u00e0 la loi n\u00e9erlandaise sur la protection de la vie priv\u00e9e. NPS Driven B.V. ne fournira pas ces informations \u00e0 des tiers.<\/p><p><strong>Informations d'identification non personnelles collect\u00e9es automatiquement<\/strong><br \/>Dans certains cas, NPS Driven B.V. collecte des donn\u00e9es de nature non personnelle, telles que la version du navigateur ou le syst\u00e8me d'exploitation de l'ordinateur utilis\u00e9 par le visiteur, les adresses IP attribu\u00e9es par les fournisseurs, etc. Ces donn\u00e9es nous aideront \u00e0 am\u00e9liorer le site Web selon les souhaits et les pr\u00e9f\u00e9rences. des visiteurs.<\/p>\t\t\t\t\t\t\t\t<\/div>\n\t\t\t\t<\/div>\n\t\t\t\t<div class=\"elementor-element elementor-element-893d9c1 elementor-widget elementor-widget-spacer\" data-id=\"893d9c1\" data-element_type=\"widget\" data-e-type=\"widget\" data-widget_type=\"spacer.default\">\n\t\t\t\t<div class=\"elementor-widget-container\">\n\t\t\t\t\t\t\t<div class=\"elementor-spacer\">\n\t\t\t<div class=\"elementor-spacer-inner\"><\/div>\n\t\t<\/div>\n\t\t\t\t\t\t<\/div>\n\t\t\t\t<\/div>\n\t\t\t\t\t<\/div>\n\t\t<\/div>\n\t\t\t\t\t<\/div>\n\t\t<\/section>\n\t\t\t\t<\/div>","protected":false},"excerpt":{"rendered":"<p>NPS Yachting is a brand of NPS Driven B.V. InformationAlthough the information on this website is composed and maintained with continuous care and attention by NPS Driven B.V., NPS Driven B.V. cannot give any warranty as to the accuracy or completeness of the information on this website, nor does NPS Driven B.V. warrant that the [&hellip;]<\/p>\n","protected":false},"author":1,"featured_media":0,"parent":0,"menu_order":0,"comment_status":"closed","ping_status":"closed","template":"","meta":{"_seopress_robots_primary_cat":"","_seopress_titles_title":"","_seopress_titles_desc":"","_seopress_robots_index":"","footnotes":""},"class_list":["post-668","page","type-page","status-publish","hentry"],"_links":{"self":[{"href":"https:\/\/npsyachting.com\/fr\/wp-json\/wp\/v2\/pages\/668","targetHints":{"allow":["GET"]}}],"collection":[{"href":"https:\/\/npsyachting.com\/fr\/wp-json\/wp\/v2\/pages"}],"about":[{"href":"https:\/\/npsyachting.com\/fr\/wp-json\/wp\/v2\/types\/page"}],"author":[{"embeddable":true,"href":"https:\/\/npsyachting.com\/fr\/wp-json\/wp\/v2\/users\/1"}],"replies":[{"embeddable":true,"href":"https:\/\/npsyachting.com\/fr\/wp-json\/wp\/v2\/comments?post=668"}],"version-history":[{"count":43,"href":"https:\/\/npsyachting.com\/fr\/wp-json\/wp\/v2\/pages\/668\/revisions"}],"predecessor-version":[{"id":932,"href":"https:\/\/npsyachting.com\/fr\/wp-json\/wp\/v2\/pages\/668\/revisions\/932"}],"wp:attachment":[{"href":"https:\/\/npsyachting.com\/fr\/wp-json\/wp\/v2\/media?parent=668"}],"curies":[{"name":"wp","href":"https:\/\/api.w.org\/{rel}","templated":true}]}}