{"id":708,"date":"2022-07-11T15:46:52","date_gmt":"2022-07-11T14:46:52","guid":{"rendered":"https:\/\/npsyachting.com\/?page_id=708"},"modified":"2022-09-05T14:41:40","modified_gmt":"2022-09-05T12:41:40","slug":"terms-of-delivery","status":"publish","type":"page","link":"https:\/\/npsyachting.com\/fr\/terms-of-delivery\/","title":{"rendered":"Privacy Policy"},"content":{"rendered":"<div data-elementor-type=\"wp-page\" data-elementor-id=\"708\" class=\"elementor elementor-708\" data-elementor-post-type=\"page\">\n\t\t\t\t\t\t<section class=\"elementor-section elementor-top-section elementor-element elementor-element-fb56001 elementor-section-full_width elementor-section-height-min-height elementor-section-height-default elementor-section-items-middle\" data-id=\"fb56001\" data-element_type=\"section\" data-e-type=\"section\" data-settings=\"{&quot;background_background&quot;:&quot;classic&quot;}\">\n\t\t\t\t\t\t<div class=\"elementor-container elementor-column-gap-default\">\n\t\t\t\t\t<div class=\"elementor-column elementor-col-100 elementor-top-column elementor-element elementor-element-9aa0634\" data-id=\"9aa0634\" data-element_type=\"column\" data-e-type=\"column\">\n\t\t\t<div class=\"elementor-widget-wrap elementor-element-populated\">\n\t\t\t\t\t\t<div class=\"elementor-element elementor-element-a78b5cd elementor-widget elementor-widget-heading\" data-id=\"a78b5cd\" data-element_type=\"widget\" data-e-type=\"widget\" data-widget_type=\"heading.default\">\n\t\t\t\t<div class=\"elementor-widget-container\">\n\t\t\t\t\t<h1 class=\"elementor-heading-title elementor-size-default\">Privacy Policy<\/h1>\t\t\t\t<\/div>\n\t\t\t\t<\/div>\n\t\t\t\t\t<\/div>\n\t\t<\/div>\n\t\t\t\t\t<\/div>\n\t\t<\/section>\n\t\t\t\t<section class=\"elementor-section elementor-top-section elementor-element elementor-element-eb8de31 elementor-section-boxed elementor-section-height-default elementor-section-height-default\" data-id=\"eb8de31\" data-element_type=\"section\" data-e-type=\"section\">\n\t\t\t\t\t\t<div class=\"elementor-container elementor-column-gap-default\">\n\t\t\t\t\t<div class=\"elementor-column elementor-col-100 elementor-top-column elementor-element elementor-element-5b3d7e2\" data-id=\"5b3d7e2\" data-element_type=\"column\" data-e-type=\"column\">\n\t\t\t<div class=\"elementor-widget-wrap elementor-element-populated\">\n\t\t\t\t\t\t<div class=\"elementor-element elementor-element-961988c elementor-widget elementor-widget-spacer\" data-id=\"961988c\" data-element_type=\"widget\" data-e-type=\"widget\" data-widget_type=\"spacer.default\">\n\t\t\t\t<div class=\"elementor-widget-container\">\n\t\t\t\t\t\t\t<div class=\"elementor-spacer\">\n\t\t\t<div class=\"elementor-spacer-inner\"><\/div>\n\t\t<\/div>\n\t\t\t\t\t\t<\/div>\n\t\t\t\t<\/div>\n\t\t\t\t<div class=\"elementor-element elementor-element-6d5621b elementor-widget elementor-widget-heading\" data-id=\"6d5621b\" data-element_type=\"widget\" data-e-type=\"widget\" data-widget_type=\"heading.default\">\n\t\t\t\t<div class=\"elementor-widget-container\">\n\t\t\t\t\t<h2 class=\"elementor-heading-title elementor-size-default\">Privacy Policy<\/h2>\t\t\t\t<\/div>\n\t\t\t\t<\/div>\n\t\t\t\t<div class=\"elementor-element elementor-element-3b11c46 elementor-widget-divider--view-line elementor-widget elementor-widget-divider\" data-id=\"3b11c46\" data-element_type=\"widget\" data-e-type=\"widget\" data-widget_type=\"divider.default\">\n\t\t\t\t<div class=\"elementor-widget-container\">\n\t\t\t\t\t\t\t<div class=\"elementor-divider\">\n\t\t\t<span class=\"elementor-divider-separator\">\n\t\t\t\t\t\t<\/span>\n\t\t<\/div>\n\t\t\t\t\t\t<\/div>\n\t\t\t\t<\/div>\n\t\t\t\t<div class=\"elementor-element elementor-element-a5ea0c9 elementor-widget elementor-widget-text-editor\" data-id=\"a5ea0c9\" data-element_type=\"widget\" data-e-type=\"widget\" data-widget_type=\"text-editor.default\">\n\t\t\t\t<div class=\"elementor-widget-container\">\n\t\t\t\t\t\t\t\t\t<p><strong>Privacy Policy<\/strong><br \/>NPS Yachting est une marque de NPS Driven B.V. (d\u00e9sormais : NPS Driven). NPS Driven prend au s\u00e9rieux le respect de votre vie priv\u00e9e et traitera et utilisera les informations vous concernant, en tant qu'utilisateur des services de NPS Driven, de mani\u00e8re s\u00fbre. Ce document d\u00e9crit nos politiques en mati\u00e8re de confidentialit\u00e9 et de s\u00e9curit\u00e9. Nous vous sugg\u00e9rons de lire attentivement cette politique de confidentialit\u00e9.<\/p><p><strong>Qui est NPS Driven B.V.?<\/strong><br \/>NPS Driven est une soci\u00e9t\u00e9 \u00e0 responsabilit\u00e9 limit\u00e9e, \u00e9tablie \u00e0 De Hammen 1, 5371 MK \u00e0 Ravenstein. Ch. de Comm. num\u00e9ro 09175819. Les principaux objectifs de NPS Driven sont la vente, la conception, la production\/l'assemblage, le service et la maintenance de moteurs et g\u00e9n\u00e9rateurs diesel pour l'industrie et la navigation. NPS Driven travaille avec des tiers tels que des installateurs, des sous-traitants, des soci\u00e9t\u00e9s de maintenance, des transporteurs, des assureurs, des fournisseurs, etc. NPS Driven a conclu des accords avec ces parties afin d'assurer le meilleur niveau de service possible.<\/p><p><strong>Quelles informations sont collect\u00e9es et trait\u00e9es par NPS Driven?<\/strong><br \/>Nous tenons \u00e0 souligner sp\u00e9cifiquement que nous collectons et utilisons les donn\u00e9es et les donn\u00e9es personnelles que vous nous fournissez, car cela est n\u00e9cessaire pour conclure et ex\u00e9cuter tout accord avec vous. Ceci s'applique \u00e0 nos clients, clients potentiels et aux parties aupr\u00e8s desquelles nous achetons des biens et\/ou des services.<\/p><p>Si vous \u00eates un client ou un client potentiel chez nous, nous utilisons vos donn\u00e9es pour vous envoyer un devis, pour d\u00e9terminer les sp\u00e9cifications ou les souhaits auxquels un certain bien ou service doit r\u00e9pondre, pour pouvoir vous livrer des marchandises ou effectuer des travaux pour vous, pouvoir vous facturer et communiquer avec vous de mani\u00e8re fluide et efficace sur les aspects li\u00e9s \u00e0 l'ex\u00e9cution du contrat.<\/p><p>Si vous \u00eates un fournisseur ou un fournisseur potentiel ou un autre contractant, vos donn\u00e9es personnelles sont \u00e9galement n\u00e9cessaires \u00e0 la conclusion et \u00e0 l'ex\u00e9cution du contrat. Ceci est n\u00e9cessaire pour l'achat afin de vous informer des sp\u00e9cifications ou des souhaits que nous avons besoin de satisfaire certains biens ou services, pour pouvoir vous adresser une demande de devis ou passer une commande aupr\u00e8s de vous, pour pouvoir payer vos factures et de communiquer avec vous de mani\u00e8re fluide et efficace sur d'autres aspects de l'accord.<\/p><p>Vous n'\u00eates pas oblig\u00e9 de nous fournir vos donn\u00e9es personnelles. Si vous ne nous fournissez aucune donn\u00e9e personnelle ou si vous nous fournissez des donn\u00e9es personnelles insuffisantes, il est toutefois possible que nous ne puissions pas ex\u00e9cuter le travail susmentionn\u00e9.<\/p><p><em>Site Web, application et\/ou boutique en ligne\u00a0:<\/em><\/p><p>Il n'est pas dans l'intention de nos portails num\u00e9riques de collecter des donn\u00e9es sur les visiteurs\/utilisateurs de moins de 16 ans, sauf s'ils ont l'autorisation de leurs parents ou tuteur. Nous ne pouvons cependant pas v\u00e9rifier si un visiteur\/utilisateur a plus de 16 ans. Nous encourageons les parents \u00e0 s'impliquer dans les activit\u00e9s en ligne de leurs enfants, afin d'\u00e9viter que des donn\u00e9es sur les enfants soient collect\u00e9es sans le consentement parental. Si vous pensez que nous avons collect\u00e9 des donn\u00e9es personnelles sur un mineur sans autorisation parentale, veuillez nous contacter \u00e0 info@npsdriven.com. Nous supprimerons alors ces donn\u00e9es.<\/p><p>NPS Driven utilise uniquement des cookies techniques, fonctionnels et analytiques qui ne portent pas atteinte \u00e0 votre vie priv\u00e9e. Un cookie est un petit fichier texte qui est stock\u00e9 sur votre ordinateur, tablette ou smartphone lors de votre premi\u00e8re visite sur notre site Internet. Les cookies que nous utilisons sont n\u00e9cessaires au fonctionnement technique du site et \u00e0 votre confort d'utilisation. Ceux-ci garantissent le bon fonctionnement du site Web et, par exemple, m\u00e9morisent vos param\u00e8tres pr\u00e9f\u00e9r\u00e9s. Ceux-ci nous permettent \u00e9galement d'optimiser notre site Web. Vous pouvez \u00e9galement d\u00e9sactiver les cookies en configurant votre navigateur Internet pour emp\u00eacher le stockage des cookies. En outre, vous pouvez \u00e9galement supprimer toutes les informations pr\u00e9c\u00e9demment enregistr\u00e9es via les param\u00e8tres de votre navigateur.<\/p><p>NPS Driven collecte vos donn\u00e9es et donn\u00e9es personnelles lorsque vous utilisez nos services et\/ou parce que vous nous fournissez ces donn\u00e9es. Un aper\u00e7u avec des exemples des donn\u00e9es personnelles que nous traitons est pr\u00e9sent\u00e9 ci-dessous:<\/p><p>\u2013 Nom et pr\u00e9nom<br \/>- Le genre<br \/>- Date de naissance<br \/>- Lieu de naissance<br \/>- D\u00e9tails de l'adresse<br \/>- Num\u00e9ro de t\u00e9l\u00e9phone<br \/>- Adresse e-mail<br \/>\u2013 Autres donn\u00e9es personnelles que vous fournissez activement, par exemple en cr\u00e9ant un profil sur notre site Web, dans la correspondance et lors de contacts t\u00e9l\u00e9phoniques<br \/>\u2013 Location data<br \/>\u2013 Des donn\u00e9es sur vos activit\u00e9s sur notre site Internet<br \/>\u2013 Num\u00e9ro(s) de compte bancaire<br \/>\u2013 Other data and personal data<\/p><p><strong>Quels sont les objectifs de la collecte de donn\u00e9es ?<\/strong><br \/>Nous traitons les donn\u00e9es et les donn\u00e9es personnelles afin d'effectuer ce qui suit :<br \/>\u2013 Pour envoyer notre newsletter et\/ou brochure publicitaire<br \/>\u2013 Pour vous t\u00e9l\u00e9phoner ou vous envoyer un e-mail si cela est n\u00e9cessaire pour ex\u00e9cuter nos services<br \/>\u2013 Pour vous informer des modifications de nos services et produits<br \/>\u2013 Pour vous permettre de cr\u00e9er un compte<br \/>\u2013 Pour vous livrer des biens et des services<br \/>\u2013 \u00c0 d'autres fins<\/p><p>NPS Driven also processes personal data if we are legally obliged to do so, such as data we need for our tax return.<\/p><p><strong>Vos donn\u00e9es sont-elles utilis\u00e9es par des tiers ?<\/strong><br \/>NPS Driven ne vendra pas vos donn\u00e9es \u00e0 des tiers et ne fournira ces donn\u00e9es que si cela est n\u00e9cessaire pour l'ex\u00e9cution de notre accord avec vous ou pour se conformer \u00e0 une obligation l\u00e9gale. Dans le cadre de l'ex\u00e9cution de tout accord avec vous, nous pouvons \u00eatre tenus de fournir vos donn\u00e9es personnelles aux parties qui nous fournissent des pi\u00e8ces, des mat\u00e9riaux et des produits ou qui effectuent des travaux en notre nom. Nous utilisons \u00e9galement une salle de serveur externe pour stocker nos dossiers de vente et d'achat et des parties de ceux-ci, qui incluent vos donn\u00e9es personnelles. Pour cette raison, vos donn\u00e9es personnelles seront fournies \u00e0 notre fournisseur de salle de serveurs. Nous utilisons \u00e9galement Microsoft Office et les options de stockage associ\u00e9es pour les e-mails et autres fichiers.<\/p><p>\u00c9tant donn\u00e9 que nous utilisons un service d'envoi de newsletters, vos donn\u00e9es personnelles seront transmises au fournisseur de ce service. Il est possible qu'une d\u00e9claration de confidentialit\u00e9 diff\u00e9rente s'applique au traitement par des tiers. Nous vous recommandons de consulter la d\u00e9claration de confidentialit\u00e9 du tiers. Enfin, vos donn\u00e9es peuvent \u00eatre fournies \u00e0 des tiers s'il existe une obligation de le faire sur la base des lois et\/ou r\u00e8glements, une n\u00e9cessit\u00e9 de le faire \u00e0 la suite d'un proc\u00e8s et\/ou dans le cas o\u00f9 cela est n\u00e9cessaire pour prot\u00e9ger ses propres droits.<\/p><p><strong>Pendant combien de temps NPS Driven stocke-t-il vos donn\u00e9es?<\/strong><br \/>Vos donn\u00e9es personnelles seront conserv\u00e9es avec soin et pendant la dur\u00e9e n\u00e9cessaire aux fins pour lesquelles elles ont \u00e9t\u00e9 trait\u00e9es. NPS Driven conservera vos donn\u00e9es personnelles pendant la dur\u00e9e de l'accord et afin de terminer les affaires courantes, \u00e0 moins que NPS Driven ne soit oblig\u00e9 par la loi de conserver vos donn\u00e9es personnelles pendant une p\u00e9riode plus longue. Apr\u00e8s cela, NPS Driven supprimera ces donn\u00e9es.<\/p><p><strong>Vos donn\u00e9es personnelles sont-elles transmises \u00e0 d'autres pays ?<\/strong><br \/>NPS Driven ne transmettra pas vos donn\u00e9es personnelles \u00e0 des pays tiers, sous r\u00e9serve d'une demande de vos donn\u00e9es par une agence gouvernementale, par exemple dans le cas d'une infraction au code de la route.<\/p><p class=\"translation-block\"><strong>Avez-vous un droit d'acc\u00e8s ou de suppression de vos donn\u00e9es?<\/strong>\nVous pouvez demander vos donn\u00e9es \u00e0 NPS Driven \u00e0 tout moment ou demander \u00e0 NPS Driven de modifier ou de supprimer ces donn\u00e9es, via l'adresse e-mail info@npsdriven.com. NPS Driven peut \u00eatre l\u00e9galement tenu de conserver certaines donn\u00e9es personnelles. NPS Driven ne peut modifier et\/ou supprimer ces donn\u00e9es personnelles \u00e0 votre demande. Veuillez noter cependant qu'apr\u00e8s que nous ayons modifi\u00e9 ou supprim\u00e9 vos donn\u00e9es \u00e0 votre demande, il est possible que ces donn\u00e9es restent dans nos sauvegardes pendant un certain temps jusqu'\u00e0 ce que ces sauvegardes soient \u00e9galement supprim\u00e9es. Nous r\u00e9pondrons \u00e0 votre demande d\u00e8s que possible, mais dans un d\u00e9lai de quatre semaines. NPS Driven tient \u00e9galement \u00e0 souligner que vous avez la possibilit\u00e9 de d\u00e9poser une plainte aupr\u00e8s de l'autorit\u00e9 de contr\u00f4le nationale, l'autorit\u00e9 n\u00e9erlandaise de protection des donn\u00e9es (Autoriteit Persoonsgegevens). Vous pouvez le faire via le lien suivant: autoriteitpersoonsgegevens.nl.<\/p><p><strong>Vos donn\u00e9es sont-elles s\u00e9curis\u00e9es ?<\/strong><br \/>NPS Driven utilise un niveau de s\u00e9curit\u00e9 pour le traitement des donn\u00e9es personnelles qui, dans les limites des possibilit\u00e9s des techniques actuelles, est suffisant pour emp\u00eacher l'acc\u00e8s non autoris\u00e9, la modification, la publication ou la perte de vos donn\u00e9es personnelles. Si vous avez l'impression que vos donn\u00e9es ne sont pas s\u00e9curis\u00e9es ou s'il y a des indications d'utilisation abusive, veuillez nous contacter \u00e0 info@npsdriven.com.<\/p><p><strong>Cette politique de confidentialit\u00e9 peut-elle \u00eatre modifi\u00e9e\u00a0?<\/strong><br \/>Cette politique de confidentialit\u00e9 peut \u00eatre modifi\u00e9e par NPS Driven. La version la plus r\u00e9cente et la plus valide est disponible sur notre site Web www.npsdriven.com. <a href=\"https:\/\/www.npsdriven.com\/\" target=\"_blank\" rel=\"noopener\">www.npsdriven.com<\/a>.<\/p><p class=\"translation-block\"><strong>Avez-vous des plaintes ou des questions?<\/strong><br>Si vous avez des r\u00e9clamations ou des questions, veuillez nous contacter via <a href=\"mailto:info@npsdriven.com\" target=\"_self\">info@npsdriven.com<\/a> ou par t\u00e9l\u00e9phone via <a href=\"tel:+310486201600\" target=\"_self\">(+31) (0)4 86 20 16 00<\/a>.<\/p>\t\t\t\t\t\t\t\t<\/div>\n\t\t\t\t<\/div>\n\t\t\t\t<div class=\"elementor-element elementor-element-b1e0aea elementor-widget elementor-widget-spacer\" data-id=\"b1e0aea\" data-element_type=\"widget\" data-e-type=\"widget\" data-widget_type=\"spacer.default\">\n\t\t\t\t<div class=\"elementor-widget-container\">\n\t\t\t\t\t\t\t<div class=\"elementor-spacer\">\n\t\t\t<div class=\"elementor-spacer-inner\"><\/div>\n\t\t<\/div>\n\t\t\t\t\t\t<\/div>\n\t\t\t\t<\/div>\n\t\t\t\t\t<\/div>\n\t\t<\/div>\n\t\t\t\t\t<\/div>\n\t\t<\/section>\n\t\t\t\t<\/div>","protected":false},"excerpt":{"rendered":"<p>Privacy PolicyNPS Yachting is a brand of NPS Driven B.V. (from now on: NPS Driven ). NPS Driven takes your privacy seriously and will process and use information about you, as a user of the services of NPS Driven, in a safe way. This document describes our policies with regard to privacy and security. We [&hellip;]<\/p>\n","protected":false},"author":1,"featured_media":0,"parent":0,"menu_order":0,"comment_status":"closed","ping_status":"closed","template":"","meta":{"_seopress_robots_primary_cat":"","_seopress_titles_title":"","_seopress_titles_desc":"","_seopress_robots_index":"","footnotes":""},"class_list":["post-708","page","type-page","status-publish","hentry"],"_links":{"self":[{"href":"https:\/\/npsyachting.com\/fr\/wp-json\/wp\/v2\/pages\/708","targetHints":{"allow":["GET"]}}],"collection":[{"href":"https:\/\/npsyachting.com\/fr\/wp-json\/wp\/v2\/pages"}],"about":[{"href":"https:\/\/npsyachting.com\/fr\/wp-json\/wp\/v2\/types\/page"}],"author":[{"embeddable":true,"href":"https:\/\/npsyachting.com\/fr\/wp-json\/wp\/v2\/users\/1"}],"replies":[{"embeddable":true,"href":"https:\/\/npsyachting.com\/fr\/wp-json\/wp\/v2\/comments?post=708"}],"version-history":[{"count":16,"href":"https:\/\/npsyachting.com\/fr\/wp-json\/wp\/v2\/pages\/708\/revisions"}],"predecessor-version":[{"id":935,"href":"https:\/\/npsyachting.com\/fr\/wp-json\/wp\/v2\/pages\/708\/revisions\/935"}],"wp:attachment":[{"href":"https:\/\/npsyachting.com\/fr\/wp-json\/wp\/v2\/media?parent=708"}],"curies":[{"name":"wp","href":"https:\/\/api.w.org\/{rel}","templated":true}]}}